{"id":47,"date":"2020-09-28T21:54:21","date_gmt":"2020-09-28T21:54:21","guid":{"rendered":"http:\/\/caribbean-candle.com\/?page_id=47"},"modified":"2025-11-04T18:28:46","modified_gmt":"2025-11-04T22:28:46","slug":"les-bougies-parfumes-fondatnts-faits-mains-martinique","status":"publish","type":"page","link":"https:\/\/caribbean-candle.com\/?page_id=47","title":{"rendered":"Boutique"},"content":{"rendered":"\n<div class=\"wp-block-buttons has-cyan-bluish-gray-background-color has-background is-content-justification-center is-layout-flex wp-container-core-buttons-is-layout-5e6b19ed wp-block-buttons-is-layout-flex\">\n<div class=\"wp-block-button\"><a class=\"wp-block-button__link has-black-color has-cyan-bluish-gray-background-color has-text-color has-background has-link-color wp-element-button\" href=\"https:\/\/caribbean-candle.com\/?product=bougie-caraibe-levasion-au-coeur-de-votre-interieur\"><em><strong>\u00ab&nbsp;Cara\u00efbe&nbsp;\u00bb<\/strong><\/em><\/a><\/div>\n\n\n\n<div class=\"wp-block-button\"><a class=\"wp-block-button__link has-black-color has-cyan-bluish-gray-background-color has-text-color has-background has-link-color wp-element-button\" href=\"https:\/\/caribbean-candle.com\/?product=bougie-bonbonniere-2-2\"><em><strong>\u00ab&nbsp;Instant pour soi&nbsp;\u00bb<\/strong><\/em><\/a><\/div>\n\n\n\n<div class=\"wp-block-button is-style-fill\"><a class=\"wp-block-button__link has-black-color has-cyan-bluish-gray-background-color has-text-color has-background has-link-color wp-element-button\" href=\"https:\/\/caribbean-candle.com\/?product=coffret-macarons\"><em><strong>Fondants parfum\u00e9s<\/strong><\/em><\/a><\/div>\n<\/div>\n\n\n\n<div class=\"wp-block-buttons has-cyan-bluish-gray-background-color has-background is-content-justification-center is-layout-flex wp-container-core-buttons-is-layout-5e6b19ed wp-block-buttons-is-layout-flex\">\n<div class=\"wp-block-button\"><a class=\"wp-block-button__link has-black-color has-cyan-bluish-gray-background-color has-text-color has-background has-link-color wp-element-button\" href=\"https:\/\/caribbean-candle.com\/?product=atelier-de-fabrication\"><em><strong>Ateliers<\/strong><\/em><\/a><\/div>\n\n\n\n<div class=\"wp-block-button\"><a class=\"wp-block-button__link has-black-color has-cyan-bluish-gray-background-color has-text-color has-background has-link-color wp-element-button\" href=\"https:\/\/caribbean-candle.com\/?product=bougie-bocal-2-2\"><em><strong>Bougies invit\u00e9s<\/strong><\/em><\/a><\/div>\n\n\n\n<div class=\"wp-block-button\"><a class=\"wp-block-button__link has-black-color has-cyan-bluish-gray-background-color has-text-color has-background has-link-color wp-element-button\" href=\"https:\/\/caribbean-candle.com\/?product=coffret-cadeau\"><em><strong>Id\u00e9es cadeaux personnalis\u00e9s<\/strong><\/em><\/a><\/div>\n<\/div>\n\n\n\n<h2 class=\"wp-block-heading has-text-align-center has-black-color has-text-color\">Ateliers<\/h2>\n\n\n\n<div class=\"wp-block-columns is-layout-flex wp-container-core-columns-is-layout-9d6595d7 wp-block-columns-is-layout-flex\">\n<div class=\"wp-block-column is-layout-flow wp-block-column-is-layout-flow\"><div data-align-buttons=\"true\" data-block-name=\"woocommerce\/product-category\" data-categories=\"[984]\" data-columns=\"1\" data-content-visibility=\"{&quot;image&quot;:true,&quot;title&quot;:true,&quot;price&quot;:true,&quot;rating&quot;:false,&quot;button&quot;:true}\" class=\"wc-block-grid wp-block-product-category wp-block-woocommerce-product-category wc-block-product-category has-1-columns has-multiple-rows has-aligned-buttons\"><ul class=\"wc-block-grid__products\"><li class=\"wc-block-grid__product\">\n\t\t\t\t<a href=\"https:\/\/caribbean-candle.com\/?product=atelier-de-fabrication\" class=\"wc-block-grid__product-link\">\n\t\t\t\t\t\n\t\t\t\t\t<div class=\"wc-block-grid__product-image\"><img loading=\"lazy\" decoding=\"async\" width=\"300\" height=\"300\" src=\"https:\/\/caribbean-candle.com\/wp-content\/uploads\/2022\/03\/CARIBBEAN-CANDLE-300x300.png\" class=\"attachment-woocommerce_thumbnail size-woocommerce_thumbnail\" alt=\"Atelier \u00ab\u00a0DIY Candle\u00a0\u00bb\" srcset=\"https:\/\/caribbean-candle.com\/wp-content\/uploads\/2022\/03\/CARIBBEAN-CANDLE-300x300.png 300w, https:\/\/caribbean-candle.com\/wp-content\/uploads\/2022\/03\/CARIBBEAN-CANDLE-1024x1024.png 1024w, https:\/\/caribbean-candle.com\/wp-content\/uploads\/2022\/03\/CARIBBEAN-CANDLE-150x150.png 150w, https:\/\/caribbean-candle.com\/wp-content\/uploads\/2022\/03\/CARIBBEAN-CANDLE-768x768.png 768w, https:\/\/caribbean-candle.com\/wp-content\/uploads\/2022\/03\/CARIBBEAN-CANDLE-60x60.png 60w, https:\/\/caribbean-candle.com\/wp-content\/uploads\/2022\/03\/CARIBBEAN-CANDLE-90x90.png 90w, https:\/\/caribbean-candle.com\/wp-content\/uploads\/2022\/03\/CARIBBEAN-CANDLE-600x600.png 600w, https:\/\/caribbean-candle.com\/wp-content\/uploads\/2022\/03\/CARIBBEAN-CANDLE-100x100.png 100w, https:\/\/caribbean-candle.com\/wp-content\/uploads\/2022\/03\/CARIBBEAN-CANDLE.png 1080w\" sizes=\"auto, (max-width: 300px) 100vw, 300px\" \/><\/div>\n\t\t\t\t\t<div class=\"wc-block-grid__product-title\">Atelier \u00ab\u00a0DIY Candle\u00a0\u00bb<\/div>\n\t\t\t\t<\/a>\n\t\t\t\t<div class=\"wc-block-grid__product-price price\"><span class=\"woocommerce-Price-amount amount\"><bdi>22,00&nbsp;<span class=\"woocommerce-Price-currencySymbol\">&euro;<\/span><\/bdi><\/span><\/div>\n\t\t\t\t\n\t\t\t\t<div class=\"wp-block-button wc-block-grid__product-add-to-cart\"><a href=\"https:\/\/caribbean-candle.com\/?product=atelier-de-fabrication\" aria-label=\"Ajouter au panier\u00a0: &ldquo;Atelier \u00ab\u00a0DIY Candle\u00a0\u00bb&rdquo;\" data-quantity=\"1\" data-product_id=\"3467\" data-product_sku=\"\" data-price=\"22\" rel=\"nofollow\" class=\"wp-block-button__link  add_to_cart_button\">R\u00e9server<\/a><\/div>\n\t\t\t<\/li><\/ul><\/div><\/div>\n<\/div>\n\n\n\n<h2 class=\"wp-block-heading has-text-align-center has-black-color has-text-color\">Bougies en verre<\/h2>\n\n\n\n\n\n<h2 class=\"wp-block-heading has-text-align-center has-black-color has-text-color\">Fondants parfum\u00e9s<\/h2>\n\n\n\n\n\n<h2 class=\"wp-block-heading has-text-align-center has-black-color has-text-color\">Id\u00e9es cadeaux personnalis\u00e9s<\/h2>\n\n\n","protected":false},"excerpt":{"rendered":"<p>Ateliers Bougies en verre Fondants parfum\u00e9s Id\u00e9es cadeaux personnalis\u00e9s<\/p>\n","protected":false},"author":1,"featured_media":0,"parent":0,"menu_order":1,"comment_status":"closed","ping_status":"closed","template":"","meta":{"pmpro_default_level":"","footnotes":""},"class_list":["post-47","page","type-page","status-publish","hentry","pmpro-has-access"],"yoast_head":"<!-- This site is optimized with the Yoast SEO plugin v26.8 - https:\/\/yoast.com\/product\/yoast-seo-wordpress\/ -->\n<title>Boutique - CARIBBEAN CANDLE<\/title>\n<meta name=\"description\" content=\"Bougies et fondants parfum\u00e9s aux senteurs de la Cara\u00efbe, mais pas que. Evadez-vous depuis chez vous !\" \/>\n<meta name=\"robots\" content=\"index, follow, max-snippet:-1, max-image-preview:large, max-video-preview:-1\" \/>\n<link rel=\"canonical\" href=\"https:\/\/caribbean-candle.com\/?page_id=47\" \/>\n<meta property=\"og:locale\" content=\"fr_FR\" \/>\n<meta property=\"og:type\" content=\"article\" \/>\n<meta property=\"og:title\" content=\"Boutique - CARIBBEAN CANDLE\" \/>\n<meta property=\"og:description\" content=\"Bougies et fondants parfum\u00e9s aux senteurs de la Cara\u00efbe, mais pas que. Evadez-vous depuis chez vous !\" \/>\n<meta property=\"og:url\" content=\"https:\/\/caribbean-candle.com\/?page_id=47\" \/>\n<meta property=\"og:site_name\" content=\"CARIBBEAN CANDLE\" \/>\n<meta property=\"article:publisher\" content=\"https:\/\/www.facebook.com\/Caribbean-Candle-109510090928708\" \/>\n<meta property=\"article:modified_time\" content=\"2025-11-04T22:28:46+00:00\" \/>\n<meta name=\"twitter:card\" content=\"summary_large_image\" \/>\n<meta name=\"twitter:label1\" content=\"Dur\u00e9e de lecture estim\u00e9e\" \/>\n\t<meta name=\"twitter:data1\" content=\"1 minute\" \/>\n<script type=\"application\/ld+json\" class=\"yoast-schema-graph\">{\"@context\":\"https:\/\/schema.org\",\"@graph\":[{\"@type\":\"WebPage\",\"@id\":\"https:\/\/caribbean-candle.com\/?page_id=47\",\"url\":\"https:\/\/caribbean-candle.com\/?page_id=47\",\"name\":\"Boutique - CARIBBEAN CANDLE\",\"isPartOf\":{\"@id\":\"https:\/\/caribbean-candle.com\/#website\"},\"datePublished\":\"2020-09-28T21:54:21+00:00\",\"dateModified\":\"2025-11-04T22:28:46+00:00\",\"description\":\"Bougies et fondants parfum\u00e9s aux senteurs de la Cara\u00efbe, mais pas que. Evadez-vous depuis chez vous !\",\"breadcrumb\":{\"@id\":\"https:\/\/caribbean-candle.com\/?page_id=47#breadcrumb\"},\"inLanguage\":\"fr-FR\",\"potentialAction\":[{\"@type\":\"ReadAction\",\"target\":[\"https:\/\/caribbean-candle.com\/?page_id=47\"]}]},{\"@type\":\"BreadcrumbList\",\"@id\":\"https:\/\/caribbean-candle.com\/?page_id=47#breadcrumb\",\"itemListElement\":[{\"@type\":\"ListItem\",\"position\":1,\"name\":\"Accueil\",\"item\":\"https:\/\/caribbean-candle.com\/\"},{\"@type\":\"ListItem\",\"position\":2,\"name\":\"Boutique\"}]},{\"@type\":\"WebSite\",\"@id\":\"https:\/\/caribbean-candle.com\/#website\",\"url\":\"https:\/\/caribbean-candle.com\/\",\"name\":\"CARIBBEAN CANDLE Fabrication Artisanale Bougies Fondants Parfum\u00e9s\",\"description\":\"Fabrication Artisanale Bougies Fondants Parfum\u00e9s Cire V\u00e9g\u00e9tale Naturelle\",\"publisher\":{\"@id\":\"https:\/\/caribbean-candle.com\/#organization\"},\"potentialAction\":[{\"@type\":\"SearchAction\",\"target\":{\"@type\":\"EntryPoint\",\"urlTemplate\":\"https:\/\/caribbean-candle.com\/?s={search_term_string}\"},\"query-input\":{\"@type\":\"PropertyValueSpecification\",\"valueRequired\":true,\"valueName\":\"search_term_string\"}}],\"inLanguage\":\"fr-FR\"},{\"@type\":\"Organization\",\"@id\":\"https:\/\/caribbean-candle.com\/#organization\",\"name\":\"Caribbean Candle\",\"url\":\"https:\/\/caribbean-candle.com\/\",\"logo\":{\"@type\":\"ImageObject\",\"inLanguage\":\"fr-FR\",\"@id\":\"https:\/\/caribbean-candle.com\/#\/schema\/logo\/image\/\",\"url\":\"https:\/\/caribbean-candle.com\/wp-content\/uploads\/2020\/09\/Logo-complet-ok.jpg\",\"contentUrl\":\"https:\/\/caribbean-candle.com\/wp-content\/uploads\/2020\/09\/Logo-complet-ok.jpg\",\"width\":404,\"height\":364,\"caption\":\"Caribbean Candle\"},\"image\":{\"@id\":\"https:\/\/caribbean-candle.com\/#\/schema\/logo\/image\/\"},\"sameAs\":[\"https:\/\/www.facebook.com\/Caribbean-Candle-109510090928708\",\"https:\/\/www.instagram.com\/caribbean_candle\/\"]}]}<\/script>\n<!-- \/ Yoast SEO plugin. -->","yoast_head_json":{"title":"Boutique - CARIBBEAN CANDLE","description":"Bougies et fondants parfum\u00e9s aux senteurs de la Cara\u00efbe, mais pas que. Evadez-vous depuis chez vous !","robots":{"index":"index","follow":"follow","max-snippet":"max-snippet:-1","max-image-preview":"max-image-preview:large","max-video-preview":"max-video-preview:-1"},"canonical":"https:\/\/caribbean-candle.com\/?page_id=47","og_locale":"fr_FR","og_type":"article","og_title":"Boutique - CARIBBEAN CANDLE","og_description":"Bougies et fondants parfum\u00e9s aux senteurs de la Cara\u00efbe, mais pas que. Evadez-vous depuis chez vous !","og_url":"https:\/\/caribbean-candle.com\/?page_id=47","og_site_name":"CARIBBEAN CANDLE","article_publisher":"https:\/\/www.facebook.com\/Caribbean-Candle-109510090928708","article_modified_time":"2025-11-04T22:28:46+00:00","twitter_card":"summary_large_image","twitter_misc":{"Dur\u00e9e de lecture estim\u00e9e":"1 minute"},"schema":{"@context":"https:\/\/schema.org","@graph":[{"@type":"WebPage","@id":"https:\/\/caribbean-candle.com\/?page_id=47","url":"https:\/\/caribbean-candle.com\/?page_id=47","name":"Boutique - CARIBBEAN CANDLE","isPartOf":{"@id":"https:\/\/caribbean-candle.com\/#website"},"datePublished":"2020-09-28T21:54:21+00:00","dateModified":"2025-11-04T22:28:46+00:00","description":"Bougies et fondants parfum\u00e9s aux senteurs de la Cara\u00efbe, mais pas que. Evadez-vous depuis chez vous !","breadcrumb":{"@id":"https:\/\/caribbean-candle.com\/?page_id=47#breadcrumb"},"inLanguage":"fr-FR","potentialAction":[{"@type":"ReadAction","target":["https:\/\/caribbean-candle.com\/?page_id=47"]}]},{"@type":"BreadcrumbList","@id":"https:\/\/caribbean-candle.com\/?page_id=47#breadcrumb","itemListElement":[{"@type":"ListItem","position":1,"name":"Accueil","item":"https:\/\/caribbean-candle.com\/"},{"@type":"ListItem","position":2,"name":"Boutique"}]},{"@type":"WebSite","@id":"https:\/\/caribbean-candle.com\/#website","url":"https:\/\/caribbean-candle.com\/","name":"CARIBBEAN CANDLE Fabrication Artisanale Bougies Fondants Parfum\u00e9s","description":"Fabrication Artisanale Bougies Fondants Parfum\u00e9s Cire V\u00e9g\u00e9tale Naturelle","publisher":{"@id":"https:\/\/caribbean-candle.com\/#organization"},"potentialAction":[{"@type":"SearchAction","target":{"@type":"EntryPoint","urlTemplate":"https:\/\/caribbean-candle.com\/?s={search_term_string}"},"query-input":{"@type":"PropertyValueSpecification","valueRequired":true,"valueName":"search_term_string"}}],"inLanguage":"fr-FR"},{"@type":"Organization","@id":"https:\/\/caribbean-candle.com\/#organization","name":"Caribbean Candle","url":"https:\/\/caribbean-candle.com\/","logo":{"@type":"ImageObject","inLanguage":"fr-FR","@id":"https:\/\/caribbean-candle.com\/#\/schema\/logo\/image\/","url":"https:\/\/caribbean-candle.com\/wp-content\/uploads\/2020\/09\/Logo-complet-ok.jpg","contentUrl":"https:\/\/caribbean-candle.com\/wp-content\/uploads\/2020\/09\/Logo-complet-ok.jpg","width":404,"height":364,"caption":"Caribbean Candle"},"image":{"@id":"https:\/\/caribbean-candle.com\/#\/schema\/logo\/image\/"},"sameAs":["https:\/\/www.facebook.com\/Caribbean-Candle-109510090928708","https:\/\/www.instagram.com\/caribbean_candle\/"]}]}},"jetpack_sharing_enabled":true,"_links":{"self":[{"href":"https:\/\/caribbean-candle.com\/index.php?rest_route=\/wp\/v2\/pages\/47","targetHints":{"allow":["GET"]}}],"collection":[{"href":"https:\/\/caribbean-candle.com\/index.php?rest_route=\/wp\/v2\/pages"}],"about":[{"href":"https:\/\/caribbean-candle.com\/index.php?rest_route=\/wp\/v2\/types\/page"}],"author":[{"embeddable":true,"href":"https:\/\/caribbean-candle.com\/index.php?rest_route=\/wp\/v2\/users\/1"}],"replies":[{"embeddable":true,"href":"https:\/\/caribbean-candle.com\/index.php?rest_route=%2Fwp%2Fv2%2Fcomments&post=47"}],"version-history":[{"count":124,"href":"https:\/\/caribbean-candle.com\/index.php?rest_route=\/wp\/v2\/pages\/47\/revisions"}],"predecessor-version":[{"id":5477,"href":"https:\/\/caribbean-candle.com\/index.php?rest_route=\/wp\/v2\/pages\/47\/revisions\/5477"}],"wp:attachment":[{"href":"https:\/\/caribbean-candle.com\/index.php?rest_route=%2Fwp%2Fv2%2Fmedia&parent=47"}],"curies":[{"name":"wp","href":"https:\/\/api.w.org\/{rel}","templated":true}]}}