{"id":4404,"date":"2024-05-13T11:35:41","date_gmt":"2024-05-13T15:35:41","guid":{"rendered":"https:\/\/caribbean-candle.com\/?post_type=product&#038;p=4404"},"modified":"2025-12-01T08:00:27","modified_gmt":"2025-12-01T12:00:27","slug":"coffret-macarons","status":"publish","type":"product","link":"https:\/\/caribbean-candle.com\/?product=coffret-macarons","title":{"rendered":"Fondants parfum\u00e9s"},"content":{"rendered":"<h5><span style=\"font-size: 8pt\">Offrez-vous une exp\u00e9rience olfactive unique avec notre coffret de fondants parfum\u00e9s.<\/span><\/h5>\n<h5><span style=\"font-size: 8pt\">Compos\u00e9 de fondants aux senteurs exquises, ce coffret est id\u00e9al pour cr\u00e9er une ambiance chaleureuse et relaxante dans votre int\u00e9rieur.<\/span><\/h5>\n","protected":false},"excerpt":{"rendered":"<p><span style=\"font-family: georgia, palatino, serif;font-size: 10pt\">Offrez-vous une exp\u00e9rience olfactive unique avec notre coffret de fondants parfum\u00e9s. Compos\u00e9 de fondants aux senteurs exquises, ce coffret est id\u00e9al pour cr\u00e9er une ambiance chaleureuse et relaxante dans votre int\u00e9rieur.<\/span><\/p>\n<p><span style=\"font-family: georgia, palatino, serif;font-size: 10pt\">Ce coffret comprend :<\/span><\/p>\n<p><span style=\"font-family: georgia, palatino, serif;font-size: 10pt\">\u2714\ufe0f Un assortiment de 8 fondants parfum\u00e9s aux fragrances vari\u00e9es au choix<\/span><\/p>\n<p><span style=\"font-family: georgia, palatino, serif;font-size: 10pt\">\u2714\ufe0f Un br\u00fbleur \u00e9l\u00e9gant en bois et c\u00e9ramique<\/span><\/p>\n<p><span style=\"font-family: georgia, palatino, serif;font-size: 10pt\">\u2714\ufe0f Un lot de bougies chauffe-plat en cire naturelle<\/span><\/p>\n<p><span style=\"font-family: georgia, palatino, serif;font-size: 10pt\">Faciles \u00e0 utiliser, il vous suffit de placer un fondant dans le br\u00fbleur et de laisser la chaleur diffuser son parfum d\u00e9licat. Un cadeau parfait pour les amateurs de bien-\u00eatre et de cocooning.<\/span><\/p>\n<p><strong><span style=\"font-family: georgia, palatino, serif;font-size: 10pt\">\u2728 Fabriqu\u00e9 avec amour et des ingr\u00e9dients de qualit\u00e9 \u2728<\/span><\/strong><\/p>\n<p><strong><span style=\"font-family: georgia, palatino, serif;font-size: 10pt\">Made in Martinique.<\/span><\/strong><\/p>\n","protected":false},"featured_media":5133,"comment_status":"closed","ping_status":"closed","template":"","meta":{"pmpro_default_level":""},"product_brand":[],"product_cat":[983],"product_tag":[],"class_list":{"0":"post-4404","1":"product","2":"type-product","3":"status-publish","4":"has-post-thumbnail","6":"product_cat-fondants","7":"pmpro-has-access","9":"first","10":"outofstock","11":"taxable","12":"shipping-taxable","13":"product-type-variable"},"yoast_head":"<!-- This site is optimized with the Yoast SEO plugin v26.8 - https:\/\/yoast.com\/product\/yoast-seo-wordpress\/ -->\n<title>Fondants parfum\u00e9s - CARIBBEAN CANDLE<\/title>\n<meta name=\"description\" content=\"Coffret de 8 fondants parfum\u00e9s en forme de macarons (parfums de votre choix), accompagn\u00e9\u00a0 d&#039;un lot de 3 chauffe-plats et un br\u00fbleur. Made in Martinique.\" \/>\n<meta name=\"robots\" content=\"index, follow, max-snippet:-1, max-image-preview:large, max-video-preview:-1\" \/>\n<link rel=\"canonical\" href=\"https:\/\/caribbean-candle.com\/?product=coffret-macarons\" \/>\n<meta property=\"og:locale\" content=\"fr_FR\" \/>\n<meta property=\"og:type\" content=\"article\" \/>\n<meta property=\"og:title\" content=\"Fondants parfum\u00e9s - CARIBBEAN CANDLE\" \/>\n<meta property=\"og:description\" content=\"Coffret de 8 fondants parfum\u00e9s en forme de macarons (parfums de votre choix), accompagn\u00e9\u00a0 d&#039;un lot de 3 chauffe-plats et un br\u00fbleur. Made in Martinique.\" \/>\n<meta property=\"og:url\" content=\"https:\/\/caribbean-candle.com\/?product=coffret-macarons\" \/>\n<meta property=\"og:site_name\" content=\"CARIBBEAN CANDLE\" \/>\n<meta property=\"article:publisher\" content=\"https:\/\/www.facebook.com\/Caribbean-Candle-109510090928708\" \/>\n<meta property=\"article:modified_time\" content=\"2025-12-01T12:00:27+00:00\" \/>\n<meta property=\"og:image\" content=\"https:\/\/caribbean-candle.com\/wp-content\/uploads\/2024\/05\/caribbean-candle-4.png\" \/>\n\t<meta property=\"og:image:width\" content=\"1080\" \/>\n\t<meta property=\"og:image:height\" content=\"1080\" \/>\n\t<meta property=\"og:image:type\" content=\"image\/png\" \/>\n<meta name=\"twitter:card\" content=\"summary_large_image\" \/>\n<meta name=\"twitter:label1\" content=\"Dur\u00e9e de lecture estim\u00e9e\" \/>\n\t<meta name=\"twitter:data1\" content=\"1 minute\" \/>\n<script type=\"application\/ld+json\" class=\"yoast-schema-graph\">{\"@context\":\"https:\/\/schema.org\",\"@graph\":[{\"@type\":\"WebPage\",\"@id\":\"https:\/\/caribbean-candle.com\/?product=coffret-macarons\",\"url\":\"https:\/\/caribbean-candle.com\/?product=coffret-macarons\",\"name\":\"Fondants parfum\u00e9s - CARIBBEAN CANDLE\",\"isPartOf\":{\"@id\":\"https:\/\/caribbean-candle.com\/#website\"},\"primaryImageOfPage\":{\"@id\":\"https:\/\/caribbean-candle.com\/?product=coffret-macarons#primaryimage\"},\"image\":{\"@id\":\"https:\/\/caribbean-candle.com\/?product=coffret-macarons#primaryimage\"},\"thumbnailUrl\":\"https:\/\/caribbean-candle.com\/wp-content\/uploads\/2024\/05\/caribbean-candle-4.png\",\"datePublished\":\"2024-05-13T15:35:41+00:00\",\"dateModified\":\"2025-12-01T12:00:27+00:00\",\"description\":\"Coffret de 8 fondants parfum\u00e9s en forme de macarons (parfums de votre choix), accompagn\u00e9\u00a0 d'un lot de 3 chauffe-plats et un br\u00fbleur. Made in Martinique.\",\"breadcrumb\":{\"@id\":\"https:\/\/caribbean-candle.com\/?product=coffret-macarons#breadcrumb\"},\"inLanguage\":\"fr-FR\",\"potentialAction\":[{\"@type\":\"ReadAction\",\"target\":[\"https:\/\/caribbean-candle.com\/?product=coffret-macarons\"]}]},{\"@type\":\"ImageObject\",\"inLanguage\":\"fr-FR\",\"@id\":\"https:\/\/caribbean-candle.com\/?product=coffret-macarons#primaryimage\",\"url\":\"https:\/\/caribbean-candle.com\/wp-content\/uploads\/2024\/05\/caribbean-candle-4.png\",\"contentUrl\":\"https:\/\/caribbean-candle.com\/wp-content\/uploads\/2024\/05\/caribbean-candle-4.png\",\"width\":1080,\"height\":1080},{\"@type\":\"BreadcrumbList\",\"@id\":\"https:\/\/caribbean-candle.com\/?product=coffret-macarons#breadcrumb\",\"itemListElement\":[{\"@type\":\"ListItem\",\"position\":1,\"name\":\"Accueil\",\"item\":\"https:\/\/caribbean-candle.com\/\"},{\"@type\":\"ListItem\",\"position\":2,\"name\":\"Accueil\",\"item\":\"https:\/\/caribbean-candle.com\/\"},{\"@type\":\"ListItem\",\"position\":3,\"name\":\"Fondants parfum\u00e9s\"}]},{\"@type\":\"WebSite\",\"@id\":\"https:\/\/caribbean-candle.com\/#website\",\"url\":\"https:\/\/caribbean-candle.com\/\",\"name\":\"CARIBBEAN CANDLE Fabrication Artisanale Bougies Fondants Parfum\u00e9s\",\"description\":\"Fabrication Artisanale Bougies Fondants Parfum\u00e9s Cire V\u00e9g\u00e9tale Naturelle\",\"publisher\":{\"@id\":\"https:\/\/caribbean-candle.com\/#organization\"},\"potentialAction\":[{\"@type\":\"SearchAction\",\"target\":{\"@type\":\"EntryPoint\",\"urlTemplate\":\"https:\/\/caribbean-candle.com\/?s={search_term_string}\"},\"query-input\":{\"@type\":\"PropertyValueSpecification\",\"valueRequired\":true,\"valueName\":\"search_term_string\"}}],\"inLanguage\":\"fr-FR\"},{\"@type\":\"Organization\",\"@id\":\"https:\/\/caribbean-candle.com\/#organization\",\"name\":\"Caribbean Candle\",\"url\":\"https:\/\/caribbean-candle.com\/\",\"logo\":{\"@type\":\"ImageObject\",\"inLanguage\":\"fr-FR\",\"@id\":\"https:\/\/caribbean-candle.com\/#\/schema\/logo\/image\/\",\"url\":\"https:\/\/caribbean-candle.com\/wp-content\/uploads\/2020\/09\/Logo-complet-ok.jpg\",\"contentUrl\":\"https:\/\/caribbean-candle.com\/wp-content\/uploads\/2020\/09\/Logo-complet-ok.jpg\",\"width\":404,\"height\":364,\"caption\":\"Caribbean Candle\"},\"image\":{\"@id\":\"https:\/\/caribbean-candle.com\/#\/schema\/logo\/image\/\"},\"sameAs\":[\"https:\/\/www.facebook.com\/Caribbean-Candle-109510090928708\",\"https:\/\/www.instagram.com\/caribbean_candle\/\"]}]}<\/script>\n<!-- \/ Yoast SEO plugin. -->","yoast_head_json":{"title":"Fondants parfum\u00e9s - CARIBBEAN CANDLE","description":"Coffret de 8 fondants parfum\u00e9s en forme de macarons (parfums de votre choix), accompagn\u00e9\u00a0 d'un lot de 3 chauffe-plats et un br\u00fbleur. Made in Martinique.","robots":{"index":"index","follow":"follow","max-snippet":"max-snippet:-1","max-image-preview":"max-image-preview:large","max-video-preview":"max-video-preview:-1"},"canonical":"https:\/\/caribbean-candle.com\/?product=coffret-macarons","og_locale":"fr_FR","og_type":"article","og_title":"Fondants parfum\u00e9s - CARIBBEAN CANDLE","og_description":"Coffret de 8 fondants parfum\u00e9s en forme de macarons (parfums de votre choix), accompagn\u00e9\u00a0 d'un lot de 3 chauffe-plats et un br\u00fbleur. Made in Martinique.","og_url":"https:\/\/caribbean-candle.com\/?product=coffret-macarons","og_site_name":"CARIBBEAN CANDLE","article_publisher":"https:\/\/www.facebook.com\/Caribbean-Candle-109510090928708","article_modified_time":"2025-12-01T12:00:27+00:00","og_image":[{"width":1080,"height":1080,"url":"https:\/\/caribbean-candle.com\/wp-content\/uploads\/2024\/05\/caribbean-candle-4.png","type":"image\/png"}],"twitter_card":"summary_large_image","twitter_misc":{"Dur\u00e9e de lecture estim\u00e9e":"1 minute"},"schema":{"@context":"https:\/\/schema.org","@graph":[{"@type":"WebPage","@id":"https:\/\/caribbean-candle.com\/?product=coffret-macarons","url":"https:\/\/caribbean-candle.com\/?product=coffret-macarons","name":"Fondants parfum\u00e9s - CARIBBEAN CANDLE","isPartOf":{"@id":"https:\/\/caribbean-candle.com\/#website"},"primaryImageOfPage":{"@id":"https:\/\/caribbean-candle.com\/?product=coffret-macarons#primaryimage"},"image":{"@id":"https:\/\/caribbean-candle.com\/?product=coffret-macarons#primaryimage"},"thumbnailUrl":"https:\/\/caribbean-candle.com\/wp-content\/uploads\/2024\/05\/caribbean-candle-4.png","datePublished":"2024-05-13T15:35:41+00:00","dateModified":"2025-12-01T12:00:27+00:00","description":"Coffret de 8 fondants parfum\u00e9s en forme de macarons (parfums de votre choix), accompagn\u00e9\u00a0 d'un lot de 3 chauffe-plats et un br\u00fbleur. Made in Martinique.","breadcrumb":{"@id":"https:\/\/caribbean-candle.com\/?product=coffret-macarons#breadcrumb"},"inLanguage":"fr-FR","potentialAction":[{"@type":"ReadAction","target":["https:\/\/caribbean-candle.com\/?product=coffret-macarons"]}]},{"@type":"ImageObject","inLanguage":"fr-FR","@id":"https:\/\/caribbean-candle.com\/?product=coffret-macarons#primaryimage","url":"https:\/\/caribbean-candle.com\/wp-content\/uploads\/2024\/05\/caribbean-candle-4.png","contentUrl":"https:\/\/caribbean-candle.com\/wp-content\/uploads\/2024\/05\/caribbean-candle-4.png","width":1080,"height":1080},{"@type":"BreadcrumbList","@id":"https:\/\/caribbean-candle.com\/?product=coffret-macarons#breadcrumb","itemListElement":[{"@type":"ListItem","position":1,"name":"Accueil","item":"https:\/\/caribbean-candle.com\/"},{"@type":"ListItem","position":2,"name":"Accueil","item":"https:\/\/caribbean-candle.com\/"},{"@type":"ListItem","position":3,"name":"Fondants parfum\u00e9s"}]},{"@type":"WebSite","@id":"https:\/\/caribbean-candle.com\/#website","url":"https:\/\/caribbean-candle.com\/","name":"CARIBBEAN CANDLE Fabrication Artisanale Bougies Fondants Parfum\u00e9s","description":"Fabrication Artisanale Bougies Fondants Parfum\u00e9s Cire V\u00e9g\u00e9tale Naturelle","publisher":{"@id":"https:\/\/caribbean-candle.com\/#organization"},"potentialAction":[{"@type":"SearchAction","target":{"@type":"EntryPoint","urlTemplate":"https:\/\/caribbean-candle.com\/?s={search_term_string}"},"query-input":{"@type":"PropertyValueSpecification","valueRequired":true,"valueName":"search_term_string"}}],"inLanguage":"fr-FR"},{"@type":"Organization","@id":"https:\/\/caribbean-candle.com\/#organization","name":"Caribbean Candle","url":"https:\/\/caribbean-candle.com\/","logo":{"@type":"ImageObject","inLanguage":"fr-FR","@id":"https:\/\/caribbean-candle.com\/#\/schema\/logo\/image\/","url":"https:\/\/caribbean-candle.com\/wp-content\/uploads\/2020\/09\/Logo-complet-ok.jpg","contentUrl":"https:\/\/caribbean-candle.com\/wp-content\/uploads\/2020\/09\/Logo-complet-ok.jpg","width":404,"height":364,"caption":"Caribbean Candle"},"image":{"@id":"https:\/\/caribbean-candle.com\/#\/schema\/logo\/image\/"},"sameAs":["https:\/\/www.facebook.com\/Caribbean-Candle-109510090928708","https:\/\/www.instagram.com\/caribbean_candle\/"]}]}},"jetpack_sharing_enabled":true,"_links":{"self":[{"href":"https:\/\/caribbean-candle.com\/index.php?rest_route=\/wp\/v2\/product\/4404","targetHints":{"allow":["GET"]}}],"collection":[{"href":"https:\/\/caribbean-candle.com\/index.php?rest_route=\/wp\/v2\/product"}],"about":[{"href":"https:\/\/caribbean-candle.com\/index.php?rest_route=\/wp\/v2\/types\/product"}],"replies":[{"embeddable":true,"href":"https:\/\/caribbean-candle.com\/index.php?rest_route=%2Fwp%2Fv2%2Fcomments&post=4404"}],"wp:featuredmedia":[{"embeddable":true,"href":"https:\/\/caribbean-candle.com\/index.php?rest_route=\/wp\/v2\/media\/5133"}],"wp:attachment":[{"href":"https:\/\/caribbean-candle.com\/index.php?rest_route=%2Fwp%2Fv2%2Fmedia&parent=4404"}],"wp:term":[{"taxonomy":"product_brand","embeddable":true,"href":"https:\/\/caribbean-candle.com\/index.php?rest_route=%2Fwp%2Fv2%2Fproduct_brand&post=4404"},{"taxonomy":"product_cat","embeddable":true,"href":"https:\/\/caribbean-candle.com\/index.php?rest_route=%2Fwp%2Fv2%2Fproduct_cat&post=4404"},{"taxonomy":"product_tag","embeddable":true,"href":"https:\/\/caribbean-candle.com\/index.php?rest_route=%2Fwp%2Fv2%2Fproduct_tag&post=4404"}],"curies":[{"name":"wp","href":"https:\/\/api.w.org\/{rel}","templated":true}]}}