{"id":4607,"date":"2024-08-20T04:45:41","date_gmt":"2024-08-20T08:45:41","guid":{"rendered":"https:\/\/caribbean-candle.com\/?post_type=product&#038;p=4607"},"modified":"2025-12-01T08:01:31","modified_gmt":"2025-12-01T12:01:31","slug":"bougie-bocal-2-2","status":"publish","type":"product","link":"https:\/\/caribbean-candle.com\/?product=bougie-bocal-2-2","title":{"rendered":"Bougie invit\u00e9 personnalisable"},"content":{"rendered":"<p><span style=\"font-size: 8pt\"><strong><span style=\"font-family: georgia, palatino, serif\">Une id\u00e9e de cadeau original pour remercier vos invit\u00e9s ou simplement un plaisir d&#8217;offrir pour vos convives.<\/span><\/strong><\/span><\/p>\n<p><span style=\"font-size: 8pt\"><strong><span style=\"font-family: georgia, palatino, serif\">Cette petite bougie parfum\u00e9e laissera \u00e0 vos invit\u00e9s un souvenir parfum\u00e9.<\/span><\/strong><\/span><\/p>\n","protected":false},"excerpt":{"rendered":"<p><span style=\"font-size: 10pt\"><span style=\"font-family: georgia, palatino, serif\">Une id\u00e9e de cadeau original pour remercier vos invit\u00e9s ou simplement un plaisir d&#8217;offrir.<\/span><\/span><\/p>\n<p><span style=\"font-size: 10pt\"><span style=\"font-family: georgia, palatino, serif\">Cette petite bougie parfum\u00e9e laissera \u00e0 vos invit\u00e9s un souvenir parfum\u00e9.<\/span><\/span><\/p>\n<p><span style=\"font-size: 10pt\"><span style=\"font-family: georgia, palatino, serif\">Nous vous recontactons sous moins de 24h afin de fixer la date, le lieu de livraison et aussi recueillir vos souhaits pour les visuels de personnalisation.<\/span><\/span><\/p>\n<p><span style=\"font-size: 10pt\"><span style=\"font-family: georgia, palatino, serif\">Quantit\u00e9 minimum 10 &#8211; D\u00e9lai minimum : 20 jours<\/span><\/span><\/p>\n<p><strong><span style=\"font-family: georgia, palatino, serif;font-size: 10pt\">Made in Martinique.<\/span><\/strong><\/p>\n","protected":false},"featured_media":5129,"comment_status":"closed","ping_status":"closed","template":"","meta":{"pmpro_default_level":""},"product_brand":[],"product_cat":[982],"product_tag":[],"class_list":{"0":"post-4607","1":"product","2":"type-product","3":"status-publish","4":"has-post-thumbnail","6":"product_cat-bougies","7":"pmpro-has-access","9":"first","10":"outofstock","11":"taxable","12":"shipping-taxable","13":"purchasable","14":"product-type-variable"},"yoast_head":"<!-- This site is optimized with the Yoast SEO plugin v26.8 - https:\/\/yoast.com\/product\/yoast-seo-wordpress\/ -->\n<title>Bougie invit\u00e9 personnalisable - CARIBBEAN CANDLE<\/title>\n<meta name=\"description\" content=\"Une id\u00e9e de cadeau original pour remercier vos invit\u00e9s. Cette petite bougie parfum\u00e9e laissera \u00e0 vos invit\u00e9s un souvenir parfum\u00e9.\" \/>\n<meta name=\"robots\" content=\"index, follow, max-snippet:-1, max-image-preview:large, max-video-preview:-1\" \/>\n<link rel=\"canonical\" href=\"https:\/\/caribbean-candle.com\/?product=bougie-bocal-2-2\" \/>\n<meta property=\"og:locale\" content=\"fr_FR\" \/>\n<meta property=\"og:type\" content=\"article\" \/>\n<meta property=\"og:title\" content=\"Bougie invit\u00e9 personnalisable - CARIBBEAN CANDLE\" \/>\n<meta property=\"og:description\" content=\"Une id\u00e9e de cadeau original pour remercier vos invit\u00e9s. Cette petite bougie parfum\u00e9e laissera \u00e0 vos invit\u00e9s un souvenir parfum\u00e9.\" \/>\n<meta property=\"og:url\" content=\"https:\/\/caribbean-candle.com\/?product=bougie-bocal-2-2\" \/>\n<meta property=\"og:site_name\" content=\"CARIBBEAN CANDLE\" \/>\n<meta property=\"article:publisher\" content=\"https:\/\/www.facebook.com\/Caribbean-Candle-109510090928708\" \/>\n<meta property=\"article:modified_time\" content=\"2025-12-01T12:01:31+00:00\" \/>\n<meta property=\"og:image\" content=\"https:\/\/caribbean-candle.com\/wp-content\/uploads\/2024\/08\/caribbean-candle-1.png\" \/>\n\t<meta property=\"og:image:width\" content=\"1080\" \/>\n\t<meta property=\"og:image:height\" content=\"1080\" \/>\n\t<meta property=\"og:image:type\" content=\"image\/png\" \/>\n<meta name=\"twitter:card\" content=\"summary_large_image\" \/>\n<meta name=\"twitter:label1\" content=\"Dur\u00e9e de lecture estim\u00e9e\" \/>\n\t<meta name=\"twitter:data1\" content=\"1 minute\" \/>\n<script type=\"application\/ld+json\" class=\"yoast-schema-graph\">{\"@context\":\"https:\/\/schema.org\",\"@graph\":[{\"@type\":\"WebPage\",\"@id\":\"https:\/\/caribbean-candle.com\/?product=bougie-bocal-2-2\",\"url\":\"https:\/\/caribbean-candle.com\/?product=bougie-bocal-2-2\",\"name\":\"Bougie invit\u00e9 personnalisable - CARIBBEAN CANDLE\",\"isPartOf\":{\"@id\":\"https:\/\/caribbean-candle.com\/#website\"},\"primaryImageOfPage\":{\"@id\":\"https:\/\/caribbean-candle.com\/?product=bougie-bocal-2-2#primaryimage\"},\"image\":{\"@id\":\"https:\/\/caribbean-candle.com\/?product=bougie-bocal-2-2#primaryimage\"},\"thumbnailUrl\":\"https:\/\/caribbean-candle.com\/wp-content\/uploads\/2024\/08\/caribbean-candle-1.png\",\"datePublished\":\"2024-08-20T08:45:41+00:00\",\"dateModified\":\"2025-12-01T12:01:31+00:00\",\"description\":\"Une id\u00e9e de cadeau original pour remercier vos invit\u00e9s. Cette petite bougie parfum\u00e9e laissera \u00e0 vos invit\u00e9s un souvenir parfum\u00e9.\",\"breadcrumb\":{\"@id\":\"https:\/\/caribbean-candle.com\/?product=bougie-bocal-2-2#breadcrumb\"},\"inLanguage\":\"fr-FR\",\"potentialAction\":[{\"@type\":\"ReadAction\",\"target\":[\"https:\/\/caribbean-candle.com\/?product=bougie-bocal-2-2\"]}]},{\"@type\":\"ImageObject\",\"inLanguage\":\"fr-FR\",\"@id\":\"https:\/\/caribbean-candle.com\/?product=bougie-bocal-2-2#primaryimage\",\"url\":\"https:\/\/caribbean-candle.com\/wp-content\/uploads\/2024\/08\/caribbean-candle-1.png\",\"contentUrl\":\"https:\/\/caribbean-candle.com\/wp-content\/uploads\/2024\/08\/caribbean-candle-1.png\",\"width\":1080,\"height\":1080},{\"@type\":\"BreadcrumbList\",\"@id\":\"https:\/\/caribbean-candle.com\/?product=bougie-bocal-2-2#breadcrumb\",\"itemListElement\":[{\"@type\":\"ListItem\",\"position\":1,\"name\":\"Accueil\",\"item\":\"https:\/\/caribbean-candle.com\/\"},{\"@type\":\"ListItem\",\"position\":2,\"name\":\"Accueil\",\"item\":\"https:\/\/caribbean-candle.com\/\"},{\"@type\":\"ListItem\",\"position\":3,\"name\":\"Bougie invit\u00e9 personnalisable\"}]},{\"@type\":\"WebSite\",\"@id\":\"https:\/\/caribbean-candle.com\/#website\",\"url\":\"https:\/\/caribbean-candle.com\/\",\"name\":\"CARIBBEAN CANDLE Fabrication Artisanale Bougies Fondants Parfum\u00e9s\",\"description\":\"Fabrication Artisanale Bougies Fondants Parfum\u00e9s Cire V\u00e9g\u00e9tale Naturelle\",\"publisher\":{\"@id\":\"https:\/\/caribbean-candle.com\/#organization\"},\"potentialAction\":[{\"@type\":\"SearchAction\",\"target\":{\"@type\":\"EntryPoint\",\"urlTemplate\":\"https:\/\/caribbean-candle.com\/?s={search_term_string}\"},\"query-input\":{\"@type\":\"PropertyValueSpecification\",\"valueRequired\":true,\"valueName\":\"search_term_string\"}}],\"inLanguage\":\"fr-FR\"},{\"@type\":\"Organization\",\"@id\":\"https:\/\/caribbean-candle.com\/#organization\",\"name\":\"Caribbean Candle\",\"url\":\"https:\/\/caribbean-candle.com\/\",\"logo\":{\"@type\":\"ImageObject\",\"inLanguage\":\"fr-FR\",\"@id\":\"https:\/\/caribbean-candle.com\/#\/schema\/logo\/image\/\",\"url\":\"https:\/\/caribbean-candle.com\/wp-content\/uploads\/2020\/09\/Logo-complet-ok.jpg\",\"contentUrl\":\"https:\/\/caribbean-candle.com\/wp-content\/uploads\/2020\/09\/Logo-complet-ok.jpg\",\"width\":404,\"height\":364,\"caption\":\"Caribbean Candle\"},\"image\":{\"@id\":\"https:\/\/caribbean-candle.com\/#\/schema\/logo\/image\/\"},\"sameAs\":[\"https:\/\/www.facebook.com\/Caribbean-Candle-109510090928708\",\"https:\/\/www.instagram.com\/caribbean_candle\/\"]}]}<\/script>\n<!-- \/ Yoast SEO plugin. -->","yoast_head_json":{"title":"Bougie invit\u00e9 personnalisable - CARIBBEAN CANDLE","description":"Une id\u00e9e de cadeau original pour remercier vos invit\u00e9s. Cette petite bougie parfum\u00e9e laissera \u00e0 vos invit\u00e9s un souvenir parfum\u00e9.","robots":{"index":"index","follow":"follow","max-snippet":"max-snippet:-1","max-image-preview":"max-image-preview:large","max-video-preview":"max-video-preview:-1"},"canonical":"https:\/\/caribbean-candle.com\/?product=bougie-bocal-2-2","og_locale":"fr_FR","og_type":"article","og_title":"Bougie invit\u00e9 personnalisable - CARIBBEAN CANDLE","og_description":"Une id\u00e9e de cadeau original pour remercier vos invit\u00e9s. Cette petite bougie parfum\u00e9e laissera \u00e0 vos invit\u00e9s un souvenir parfum\u00e9.","og_url":"https:\/\/caribbean-candle.com\/?product=bougie-bocal-2-2","og_site_name":"CARIBBEAN CANDLE","article_publisher":"https:\/\/www.facebook.com\/Caribbean-Candle-109510090928708","article_modified_time":"2025-12-01T12:01:31+00:00","og_image":[{"width":1080,"height":1080,"url":"https:\/\/caribbean-candle.com\/wp-content\/uploads\/2024\/08\/caribbean-candle-1.png","type":"image\/png"}],"twitter_card":"summary_large_image","twitter_misc":{"Dur\u00e9e de lecture estim\u00e9e":"1 minute"},"schema":{"@context":"https:\/\/schema.org","@graph":[{"@type":"WebPage","@id":"https:\/\/caribbean-candle.com\/?product=bougie-bocal-2-2","url":"https:\/\/caribbean-candle.com\/?product=bougie-bocal-2-2","name":"Bougie invit\u00e9 personnalisable - CARIBBEAN CANDLE","isPartOf":{"@id":"https:\/\/caribbean-candle.com\/#website"},"primaryImageOfPage":{"@id":"https:\/\/caribbean-candle.com\/?product=bougie-bocal-2-2#primaryimage"},"image":{"@id":"https:\/\/caribbean-candle.com\/?product=bougie-bocal-2-2#primaryimage"},"thumbnailUrl":"https:\/\/caribbean-candle.com\/wp-content\/uploads\/2024\/08\/caribbean-candle-1.png","datePublished":"2024-08-20T08:45:41+00:00","dateModified":"2025-12-01T12:01:31+00:00","description":"Une id\u00e9e de cadeau original pour remercier vos invit\u00e9s. Cette petite bougie parfum\u00e9e laissera \u00e0 vos invit\u00e9s un souvenir parfum\u00e9.","breadcrumb":{"@id":"https:\/\/caribbean-candle.com\/?product=bougie-bocal-2-2#breadcrumb"},"inLanguage":"fr-FR","potentialAction":[{"@type":"ReadAction","target":["https:\/\/caribbean-candle.com\/?product=bougie-bocal-2-2"]}]},{"@type":"ImageObject","inLanguage":"fr-FR","@id":"https:\/\/caribbean-candle.com\/?product=bougie-bocal-2-2#primaryimage","url":"https:\/\/caribbean-candle.com\/wp-content\/uploads\/2024\/08\/caribbean-candle-1.png","contentUrl":"https:\/\/caribbean-candle.com\/wp-content\/uploads\/2024\/08\/caribbean-candle-1.png","width":1080,"height":1080},{"@type":"BreadcrumbList","@id":"https:\/\/caribbean-candle.com\/?product=bougie-bocal-2-2#breadcrumb","itemListElement":[{"@type":"ListItem","position":1,"name":"Accueil","item":"https:\/\/caribbean-candle.com\/"},{"@type":"ListItem","position":2,"name":"Accueil","item":"https:\/\/caribbean-candle.com\/"},{"@type":"ListItem","position":3,"name":"Bougie invit\u00e9 personnalisable"}]},{"@type":"WebSite","@id":"https:\/\/caribbean-candle.com\/#website","url":"https:\/\/caribbean-candle.com\/","name":"CARIBBEAN CANDLE Fabrication Artisanale Bougies Fondants Parfum\u00e9s","description":"Fabrication Artisanale Bougies Fondants Parfum\u00e9s Cire V\u00e9g\u00e9tale Naturelle","publisher":{"@id":"https:\/\/caribbean-candle.com\/#organization"},"potentialAction":[{"@type":"SearchAction","target":{"@type":"EntryPoint","urlTemplate":"https:\/\/caribbean-candle.com\/?s={search_term_string}"},"query-input":{"@type":"PropertyValueSpecification","valueRequired":true,"valueName":"search_term_string"}}],"inLanguage":"fr-FR"},{"@type":"Organization","@id":"https:\/\/caribbean-candle.com\/#organization","name":"Caribbean Candle","url":"https:\/\/caribbean-candle.com\/","logo":{"@type":"ImageObject","inLanguage":"fr-FR","@id":"https:\/\/caribbean-candle.com\/#\/schema\/logo\/image\/","url":"https:\/\/caribbean-candle.com\/wp-content\/uploads\/2020\/09\/Logo-complet-ok.jpg","contentUrl":"https:\/\/caribbean-candle.com\/wp-content\/uploads\/2020\/09\/Logo-complet-ok.jpg","width":404,"height":364,"caption":"Caribbean Candle"},"image":{"@id":"https:\/\/caribbean-candle.com\/#\/schema\/logo\/image\/"},"sameAs":["https:\/\/www.facebook.com\/Caribbean-Candle-109510090928708","https:\/\/www.instagram.com\/caribbean_candle\/"]}]}},"jetpack_sharing_enabled":true,"_links":{"self":[{"href":"https:\/\/caribbean-candle.com\/index.php?rest_route=\/wp\/v2\/product\/4607","targetHints":{"allow":["GET"]}}],"collection":[{"href":"https:\/\/caribbean-candle.com\/index.php?rest_route=\/wp\/v2\/product"}],"about":[{"href":"https:\/\/caribbean-candle.com\/index.php?rest_route=\/wp\/v2\/types\/product"}],"replies":[{"embeddable":true,"href":"https:\/\/caribbean-candle.com\/index.php?rest_route=%2Fwp%2Fv2%2Fcomments&post=4607"}],"wp:featuredmedia":[{"embeddable":true,"href":"https:\/\/caribbean-candle.com\/index.php?rest_route=\/wp\/v2\/media\/5129"}],"wp:attachment":[{"href":"https:\/\/caribbean-candle.com\/index.php?rest_route=%2Fwp%2Fv2%2Fmedia&parent=4607"}],"wp:term":[{"taxonomy":"product_brand","embeddable":true,"href":"https:\/\/caribbean-candle.com\/index.php?rest_route=%2Fwp%2Fv2%2Fproduct_brand&post=4607"},{"taxonomy":"product_cat","embeddable":true,"href":"https:\/\/caribbean-candle.com\/index.php?rest_route=%2Fwp%2Fv2%2Fproduct_cat&post=4607"},{"taxonomy":"product_tag","embeddable":true,"href":"https:\/\/caribbean-candle.com\/index.php?rest_route=%2Fwp%2Fv2%2Fproduct_tag&post=4607"}],"curies":[{"name":"wp","href":"https:\/\/api.w.org\/{rel}","templated":true}]}}